{"id":165,"date":"2026-01-09T18:22:24","date_gmt":"2026-01-09T17:22:24","guid":{"rendered":"https:\/\/teatimeconsulting.hu\/wp\/?page_id=165"},"modified":"2026-02-03T16:28:49","modified_gmt":"2026-02-03T15:28:49","slug":"adatkezelesi-tajekoztato","status":"publish","type":"page","link":"https:\/\/teatimeconsulting.hu\/wp\/adatkezelesi-tajekoztato\/","title":{"rendered":"Adatkezel\u00e9si t\u00e1j\u00e9koztat\u00f3"},"content":{"rendered":"\n<h2 class=\"wp-block-heading\" style=\"margin-top:0px\"><strong>Adatkezel\u00e9si t\u00e1j\u00e9koztat\u00f3<\/strong><\/h2>\n\n\n\n<p>Ez az adatkezel\u00e9si t\u00e1j\u00e9koztat\u00f3 n\u00e9met nyelven k\u00e9sz\u00fclt, a magyar ford\u00edt\u00e1s t\u00e1j\u00e9koztat\u00f3 jelleg\u0171; jogvita eset\u00e9n a n\u00e9met v\u00e1ltozat az ir\u00e1nyad\u00f3.<strong><\/strong><\/p>\n\n\n\n<p><strong>1. Adatkezel\u0151<\/strong><\/p>\n\n\n\n<p>A weboldalon t\u00f6rt\u00e9n\u0151 adatkezel\u00e9s\u00e9rt felel\u0151s:<\/p>\n\n\n\n<p>N\u00e9v: Balogh-Papp Evelin<br>C\u00edm: Goldschlagstrasse 191\/26, 1140 B\u00e9cs, Ausztria<br>Telefon: +43 664 130 3238<br>E-Mail: hello@teatimeconsulting.hu<br>Web: www.teatimeconsulting.hu<\/p>\n\n\n\n<p><strong>2. \u00c1ltal\u00e1nos inform\u00e1ci\u00f3k az adatkezel\u00e9sr\u0151l<\/strong><\/p>\n\n\n\n<p>A szem\u00e9lyes adatok v\u00e9delme kiemelten fontos sz\u00e1munkra. A szem\u00e9lyes adatokat kiz\u00e1r\u00f3lag a vonatkoz\u00f3 jogszab\u00e1lyoknak megfelel\u0151en, k\u00fcl\u00f6n\u00f6sen<strong> az EU \u00c1ltal\u00e1nos Adatv\u00e9delmi Rendelete (GDPR), az osztr\u00e1k adatv\u00e9delmi t\u00f6rv\u00e9ny (DSG), valamint a Telekommunik\u00e1ci\u00f3s t\u00f6rv\u00e9ny (TKG 2021 \u00a7165) el\u0151\u00edr\u00e1sai szerint<\/strong> kezelj\u00fck.<\/p>\n\n\n\n<p>Szem\u00e9lyes adat minden olyan inform\u00e1ci\u00f3, amely egy azonos\u00edtott vagy azonos\u00edthat\u00f3 term\u00e9szetes szem\u00e9lyre vonatkozik.<\/p>\n\n\n\n<p><strong>3. Automatikusan gy\u0171jt\u00f6tt adatok \/ szervernapl\u00f3k<\/strong><\/p>\n\n\n\n<p>A weboldal l\u00e1togat\u00e1sakor automatikusan technikai adatok ker\u00fclnek r\u00f6gz\u00edt\u00e9sre \u00e9s szervernapl\u00f3kban t\u00e1rol\u00e1sra:<\/p>\n\n\n\n<ul class=\"wp-block-list\">\n<li>IP-c\u00edm (anonimiz\u00e1lt form\u00e1ban)<\/li>\n\n\n\n<li>a l\u00e1togat\u00e1s d\u00e1tuma \u00e9s id\u0151pontja<\/li>\n\n\n\n<li>haszn\u00e1lt b\u00f6ng\u00e9sz\u0151 t\u00edpusa \u00e9s verzi\u00f3ja<\/li>\n\n\n\n<li>oper\u00e1ci\u00f3s rendszer<\/li>\n\n\n\n<li>megtekintett oldalak<\/li>\n<\/ul>\n\n\n\n<p><strong>Az adatkezel\u00e9s c\u00e9lja:<\/strong><\/p>\n\n\n\n<p>a weboldal zavartalan m\u0171k\u00f6d\u00e9s\u00e9nek biztos\u00edt\u00e1sa, rendszerbiztons\u00e1g \u00e9s a statisztikai elemz\u00e9s.<\/p>\n\n\n\n<p><strong>Jogi alap:<\/strong><\/p>\n\n\n\n<p>GDPR 6. cikk (1) bekezd\u00e9s f) pont \u2013 jogos \u00e9rdek<\/p>\n\n\n\n<p><strong>4. Cookie-k (s\u00fctik)<\/strong><\/p>\n\n\n\n<p>A weboldal cookie-kat haszn\u00e1l. A cookie-k kis sz\u00f6vegf\u00e1jlok, amelyeket a b\u00f6ng\u00e9sz\u0151 az \u00d6n v\u00e9gk\u00e9sz\u00fcl\u00e9k\u00e9n t\u00e1rol, \u00e9s amelyek lehet\u0151v\u00e9 teszik a weboldal haszn\u00e1lat\u00e1nak elemz\u00e9s\u00e9t.<\/p>\n\n\n\n<p>Az oldalon az al\u00e1bbi cookie-t\u00edpusok ker\u00fclhetnek alkalmaz\u00e1sra:<\/p>\n\n\n\n<ul class=\"wp-block-list\">\n<li><strong>technikailag sz\u00fcks\u00e9ges cookie-k<\/strong><\/li>\n\n\n\n<li><strong>statisztikai c\u00e9l\u00fa cookie-k<\/strong> (Google Analytics)<\/li>\n<\/ul>\n\n\n\n<p>A nem sz\u00fcks\u00e9ges cookie-k kiz\u00e1r\u00f3lag az \u00d6n <strong>el\u0151zetes, \u00f6nk\u00e9ntes hozz\u00e1j\u00e1rul\u00e1sa alapj\u00e1n<\/strong> ker\u00fclnek elhelyez\u00e9sre a cookie banner elfogad\u00e1s\u00e1t k\u00f6vet\u0151en.<\/p>\n\n\n\n<p>A cookie-be\u00e1ll\u00edt\u00e1sok b\u00e1rmikor m\u00f3dos\u00edthat\u00f3k, a hozz\u00e1j\u00e1rul\u00e1s visszavonhat\u00f3.<\/p>\n\n\n\n<p><strong>Jogi alap:<\/strong><\/p>\n\n\n\n<p>GDPR 6. cikk (1) bekezd\u00e9s a) pont \u2013 hozz\u00e1j\u00e1rul\u00e1s<\/p>\n\n\n\n<p>TKG 2021 \u00a7165 (3)<\/p>\n\n\n\n<p><strong>5. Google Analytics<\/strong><\/p>\n\n\n\n<p>A weboldal a <strong>Google Analytics<\/strong> webanalitikai szolg\u00e1ltat\u00e1st haszn\u00e1lja, amelyet a <strong>Google Ireland Limited<\/strong> (Gordon House, Barrow Street, Dublin 4, \u00cdrorsz\u00e1g) \u00fczemeltet.<\/p>\n\n\n\n<p>A Google Analytics cookie-k seg\u00edts\u00e9g\u00e9vel adatokat gy\u0171jt a weboldal haszn\u00e1lat\u00e1r\u00f3l, p\u00e9ld\u00e1ul:<\/p>\n\n\n\n<ul class=\"wp-block-list\">\n<li>oldalmegtekint\u00e9sek sz\u00e1ma<\/li>\n\n\n\n<li>l\u00e1togat\u00e1sok id\u0151tartama<\/li>\n\n\n\n<li>forgalmi forr\u00e1sok<\/li>\n\n\n\n<li>IP-c\u00edm (anonimiz\u00e1lt)<\/li>\n<\/ul>\n\n\n\n<p>Az IP-anonimiz\u00e1l\u00e1s akt\u00edv. Az adatkezel\u00e9s kiz\u00e1r\u00f3lag <strong>statisztikai \u00e9s weboldal-optimaliz\u00e1l\u00e1si c\u00e9lokat szolg\u00e1l<\/strong>.<\/p>\n\n\n\n<p>A Google Analytics haszn\u00e1lata <strong>csak<\/strong> <strong>az \u00d6n hozz\u00e1j\u00e1rul\u00e1s\u00e1val t\u00f6rt\u00e9nik<\/strong>, amely b\u00e1rmikor visszavonhat\u00f3 a cookie-be\u00e1ll\u00edt\u00e1sok m\u00f3dos\u00edt\u00e1s\u00e1val.<\/p>\n\n\n\n<p>Tov\u00e1bbi inform\u00e1ci\u00f3:<\/p>\n\n\n\n<p><a href=\"https:\/\/policies.google.com\/privacy\">https:\/\/policies.google.com\/privacy<\/a><\/p>\n\n\n\n<p><strong>Jogi alap:<\/strong><\/p>\n\n\n\n<p>GDPR 6. cikk (1) bekezd\u00e9s a) pont \u2013 hozz\u00e1j\u00e1rul\u00e1s<\/p>\n\n\n\n<p><strong>6. Kapcsolatfelv\u00e9tel \u00e9s kapcsolatfelv\u00e9teli \u0171rlap<\/strong><\/p>\n\n\n\n<p>Amennyiben e-mailben, telefonon vagy a weboldalon tal\u00e1lhat\u00f3 kapcsolatfelv\u00e9teli \u0171rlapon kereszt\u00fcl felveszi vel\u00fcnk a kapcsolatot, az \u00d6n \u00e1ltal megadott szem\u00e9lyes adatok (n\u00e9v, e-mail c\u00edm, \u00fczenet tartalma) feldolgoz\u00e1sra \u00e9s t\u00e1rol\u00e1sra ker\u00fclnek.<\/p>\n\n\n\n<p>Az adatokat <strong>az \u00d6n hozz\u00e1j\u00e1rul\u00e1sa n\u00e9lk\u00fcl harmadik f\u00e9l r\u00e9sz\u00e9re nem tov\u00e1bb\u00edtjuk<\/strong>, \u00e9s kiz\u00e1r\u00f3lag a megkeres\u00e9s feldolgoz\u00e1s\u00e1hoz haszn\u00e1ljuk fel.<\/p>\n\n\n\n<p><strong>Az adatkezel\u00e9s c\u00e9lja:<\/strong><\/p>\n\n\n\n<ul class=\"wp-block-list\">\n<li>kapcsolatfelv\u00e9tel<\/li>\n\n\n\n<li>megkeres\u00e9sek megv\u00e1laszol\u00e1sa<\/li>\n\n\n\n<li>aj\u00e1nlatad\u00e1s, szerz\u0151d\u00e9sk\u00f6t\u00e9st megel\u0151z\u0151 egyeztet\u00e9s<\/li>\n<\/ul>\n\n\n\n<p><strong>Jogi alap:<\/strong><\/p>\n\n\n\n<p>GDPR 6. cikk (1) bekezd\u00e9s a) pont \u2013 hozz\u00e1j\u00e1rul\u00e1s<\/p>\n\n\n\n<p>GDPR 6. cikk (1) bekezd\u00e9s b) pont \u2013 szerz\u0151d\u00e9sk\u00f6t\u00e9st megel\u0151z\u0151 l\u00e9p\u00e9sek<\/p>\n\n\n\n<p><strong>7. Adatt\u00e1rol\u00e1s id\u0151tartama<\/strong><\/p>\n\n\n\n<p>A szem\u00e9lyes adatokat kiz\u00e1r\u00f3lag addig t\u00e1roljuk, am\u00edg: az adatkezel\u00e9s c\u00e9lja fenn\u00e1ll, vagy az \u00e9rintett nem vonja vissza hozz\u00e1j\u00e1rul\u00e1s\u00e1t, vagy jogszab\u00e1lyi meg\u0151rz\u00e9si k\u00f6telezetts\u00e9g \u00e1ll fenn.<\/p>\n\n\n\n<p><strong>8. Az \u00e9rintettek jogai<\/strong><\/p>\n\n\n\n<p>\u00d6nt az al\u00e1bbi jogok illetik meg:<\/p>\n\n\n\n<ul class=\"wp-block-list\">\n<li>t\u00e1j\u00e9koztat\u00e1shoz val\u00f3 jog<\/li>\n\n\n\n<li>helyesb\u00edt\u00e9shez val\u00f3 jog<\/li>\n\n\n\n<li>t\u00f6rl\u00e9shez val\u00f3 jog<\/li>\n\n\n\n<li>adatkezel\u00e9s korl\u00e1toz\u00e1s\u00e1hoz val\u00f3 jog<\/li>\n\n\n\n<li>adathordozhat\u00f3s\u00e1ghoz val\u00f3 jog<\/li>\n\n\n\n<li>hozz\u00e1j\u00e1rul\u00e1s visszavon\u00e1s\u00e1hoz val\u00f3 jog<\/li>\n\n\n\n<li>tiltakoz\u00e1shoz val\u00f3 jog<\/li>\n<\/ul>\n\n\n\n<p>K\u00e9relmeit az al\u00e1bbi el\u00e9rhet\u0151s\u00e9gen ny\u00fajthatja be:<\/p>\n\n\n\n<p>\ud83d\udce7 hello@teatimeconsulting.hu<\/p>\n\n\n\n<p>Amennyiben \u00fagy v\u00e9li, hogy az adatkezel\u00e9s s\u00e9rti az adatv\u00e9delmi jogszab\u00e1lyokat, panaszt tehet:<\/p>\n\n\n\n<p><strong>Osztr\u00e1k Adatv\u00e9delmi Hat\u00f3s\u00e1g (\u00d6sterreichische<\/strong><strong> Datenschutzbeh\u00f6rde)<\/strong><\/p>\n\n\n\n<p><a href=\"http:\/\/www.dsb.gv.at\">www.dsb.gv.at<\/a><\/p>\n\n\n\n<p><strong>9. Az adatkezel\u00e9si t\u00e1j\u00e9koztat\u00f3 m\u00f3dos\u00edt\u00e1sa<\/strong><\/p>\n\n\n\n<p>Az adatkezel\u0151 fenntartja a jogot, hogy jelen adatkezel\u00e9si t\u00e1j\u00e9koztat\u00f3t b\u00e1rmikor m\u00f3dos\u00edtsa, a hat\u00e1lyos jogszab\u00e1lyok betart\u00e1sa mellett. Az aktu\u00e1lis verzi\u00f3 a weboldalon ker\u00fcl k\u00f6zz\u00e9t\u00e9telre.<\/p>\n","protected":false},"excerpt":{"rendered":"<p>Adatkezel\u00e9si t\u00e1j\u00e9koztat\u00f3 Ez az adatkezel\u00e9si t\u00e1j\u00e9koztat\u00f3 n\u00e9met nyelven k\u00e9sz\u00fclt, a magyar ford\u00edt\u00e1s t\u00e1j\u00e9koztat\u00f3 jelleg\u0171; jogvita eset\u00e9n a n\u00e9met v\u00e1ltozat az ir\u00e1nyad\u00f3. 1. Adatkezel\u0151 A weboldalon t\u00f6rt\u00e9n\u0151 adatkezel\u00e9s\u00e9rt felel\u0151s: N\u00e9v: Balogh-Papp EvelinC\u00edm: Goldschlagstrasse 191\/26, 1140 B\u00e9cs, AusztriaTelefon: +43 664 130 3238E-Mail: hello@teatimeconsulting.huWeb: www.teatimeconsulting.hu 2. \u00c1ltal\u00e1nos inform\u00e1ci\u00f3k az adatkezel\u00e9sr\u0151l A szem\u00e9lyes adatok v\u00e9delme kiemelten fontos sz\u00e1munkra. A [&hellip;]<\/p>\n","protected":false},"author":1,"featured_media":0,"parent":0,"menu_order":0,"comment_status":"closed","ping_status":"closed","template":"page-no-title","meta":{"footnotes":""},"class_list":["post-165","page","type-page","status-publish","hentry"],"yoast_head":"<!-- This site is optimized with the Yoast SEO plugin v27.0 - https:\/\/yoast.com\/product\/yoast-seo-wordpress\/ -->\n<title>Adatkezel\u00e9si t\u00e1j\u00e9koztat\u00f3 - Teatime Consulting<\/title>\n<meta name=\"description\" content=\"Adatv\u00e9delem \u00e9s biztons\u00e1g a Teatime Consultingn\u00e1l. Ismerd meg, hogyan kezelj\u00fck adataidat \u00e9s hogyan biztos\u00edtjuk a GDPR-megfelel\u00e9st.\" \/>\n<meta name=\"robots\" content=\"index, follow, max-snippet:-1, max-image-preview:large, max-video-preview:-1\" \/>\n<link rel=\"canonical\" href=\"https:\/\/teatimeconsulting.hu\/wp\/adatkezelesi-tajekoztato\/\" \/>\n<meta property=\"og:locale\" content=\"hu_HU\" \/>\n<meta property=\"og:type\" content=\"article\" \/>\n<meta property=\"og:title\" content=\"Adatkezel\u00e9si t\u00e1j\u00e9koztat\u00f3 - Teatime Consulting\" \/>\n<meta property=\"og:description\" content=\"Adatv\u00e9delem \u00e9s biztons\u00e1g a Teatime Consultingn\u00e1l. Ismerd meg, hogyan kezelj\u00fck adataidat \u00e9s hogyan biztos\u00edtjuk a GDPR-megfelel\u00e9st.\" \/>\n<meta property=\"og:url\" content=\"https:\/\/teatimeconsulting.hu\/wp\/adatkezelesi-tajekoztato\/\" \/>\n<meta property=\"og:site_name\" content=\"Teatime Consulting\" \/>\n<meta property=\"article:modified_time\" content=\"2026-02-03T15:28:49+00:00\" \/>\n<meta property=\"og:image\" content=\"https:\/\/teatimeconsulting.hu\/wp\/wp-content\/uploads\/2026\/01\/Colour-horizontal-e1769971057651.png\" \/>\n\t<meta property=\"og:image:width\" content=\"300\" \/>\n\t<meta property=\"og:image:height\" content=\"154\" \/>\n\t<meta property=\"og:image:type\" content=\"image\/png\" \/>\n<meta name=\"twitter:card\" content=\"summary_large_image\" \/>\n<meta name=\"twitter:label1\" content=\"Becs\u00fclt olvas\u00e1si id\u0151\" \/>\n\t<meta name=\"twitter:data1\" content=\"3 perc\" \/>\n<script type=\"application\/ld+json\" class=\"yoast-schema-graph\">{\"@context\":\"https:\/\/schema.org\",\"@graph\":[{\"@type\":\"WebPage\",\"@id\":\"https:\/\/teatimeconsulting.hu\/wp\/adatkezelesi-tajekoztato\/\",\"url\":\"https:\/\/teatimeconsulting.hu\/wp\/adatkezelesi-tajekoztato\/\",\"name\":\"Adatkezel\u00e9si t\u00e1j\u00e9koztat\u00f3 - Teatime Consulting\",\"isPartOf\":{\"@id\":\"https:\/\/teatimeconsulting.hu\/wp\/#website\"},\"datePublished\":\"2026-01-09T17:22:24+00:00\",\"dateModified\":\"2026-02-03T15:28:49+00:00\",\"description\":\"Adatv\u00e9delem \u00e9s biztons\u00e1g a Teatime Consultingn\u00e1l. Ismerd meg, hogyan kezelj\u00fck adataidat \u00e9s hogyan biztos\u00edtjuk a GDPR-megfelel\u00e9st.\",\"breadcrumb\":{\"@id\":\"https:\/\/teatimeconsulting.hu\/wp\/adatkezelesi-tajekoztato\/#breadcrumb\"},\"inLanguage\":\"hu\",\"potentialAction\":[{\"@type\":\"ReadAction\",\"target\":[\"https:\/\/teatimeconsulting.hu\/wp\/adatkezelesi-tajekoztato\/\"]}]},{\"@type\":\"BreadcrumbList\",\"@id\":\"https:\/\/teatimeconsulting.hu\/wp\/adatkezelesi-tajekoztato\/#breadcrumb\",\"itemListElement\":[{\"@type\":\"ListItem\",\"position\":1,\"name\":\"Kezd\u0151lap\",\"item\":\"https:\/\/teatimeconsulting.hu\/wp\/\"},{\"@type\":\"ListItem\",\"position\":2,\"name\":\"Adatkezel\u00e9si t\u00e1j\u00e9koztat\u00f3\"}]},{\"@type\":\"WebSite\",\"@id\":\"https:\/\/teatimeconsulting.hu\/wp\/#website\",\"url\":\"https:\/\/teatimeconsulting.hu\/wp\/\",\"name\":\"Teatime Consulting\",\"description\":\"Keres\u0151optimaliz\u00e1lt sz\u00f6vegek \u00e9s tartalommarketing a val\u00f3di \u00fczleti eredm\u00e9nyek\u00e9rt.\",\"publisher\":{\"@id\":\"https:\/\/teatimeconsulting.hu\/wp\/#\/schema\/person\/72dac4a1d7c54309b11ad6b4140b6e02\"},\"potentialAction\":[{\"@type\":\"SearchAction\",\"target\":{\"@type\":\"EntryPoint\",\"urlTemplate\":\"https:\/\/teatimeconsulting.hu\/wp\/?s={search_term_string}\"},\"query-input\":{\"@type\":\"PropertyValueSpecification\",\"valueRequired\":true,\"valueName\":\"search_term_string\"}}],\"inLanguage\":\"hu\"},{\"@type\":[\"Person\",\"Organization\"],\"@id\":\"https:\/\/teatimeconsulting.hu\/wp\/#\/schema\/person\/72dac4a1d7c54309b11ad6b4140b6e02\",\"name\":\"Balogh-Papp Evelin\",\"image\":{\"@type\":\"ImageObject\",\"inLanguage\":\"hu\",\"@id\":\"https:\/\/teatimeconsulting.hu\/wp\/#\/schema\/person\/image\/\",\"url\":\"https:\/\/teatimeconsulting.hu\/wp\/wp-content\/uploads\/2026\/01\/P1150582-edited-scaled.jpg\",\"contentUrl\":\"https:\/\/teatimeconsulting.hu\/wp\/wp-content\/uploads\/2026\/01\/P1150582-edited-scaled.jpg\",\"width\":2560,\"height\":1440,\"caption\":\"Balogh-Papp Evelin\"},\"logo\":{\"@id\":\"https:\/\/teatimeconsulting.hu\/wp\/#\/schema\/person\/image\/\"},\"sameAs\":[\"https:\/\/teatimeconsulting.hu\"]}]}<\/script>\n<!-- \/ Yoast SEO plugin. -->","yoast_head_json":{"title":"Adatkezel\u00e9si t\u00e1j\u00e9koztat\u00f3 - Teatime Consulting","description":"Adatv\u00e9delem \u00e9s biztons\u00e1g a Teatime Consultingn\u00e1l. Ismerd meg, hogyan kezelj\u00fck adataidat \u00e9s hogyan biztos\u00edtjuk a GDPR-megfelel\u00e9st.","robots":{"index":"index","follow":"follow","max-snippet":"max-snippet:-1","max-image-preview":"max-image-preview:large","max-video-preview":"max-video-preview:-1"},"canonical":"https:\/\/teatimeconsulting.hu\/wp\/adatkezelesi-tajekoztato\/","og_locale":"hu_HU","og_type":"article","og_title":"Adatkezel\u00e9si t\u00e1j\u00e9koztat\u00f3 - Teatime Consulting","og_description":"Adatv\u00e9delem \u00e9s biztons\u00e1g a Teatime Consultingn\u00e1l. Ismerd meg, hogyan kezelj\u00fck adataidat \u00e9s hogyan biztos\u00edtjuk a GDPR-megfelel\u00e9st.","og_url":"https:\/\/teatimeconsulting.hu\/wp\/adatkezelesi-tajekoztato\/","og_site_name":"Teatime Consulting","article_modified_time":"2026-02-03T15:28:49+00:00","og_image":[{"width":300,"height":154,"url":"https:\/\/teatimeconsulting.hu\/wp\/wp-content\/uploads\/2026\/01\/Colour-horizontal-e1769971057651.png","type":"image\/png"}],"twitter_card":"summary_large_image","twitter_misc":{"Becs\u00fclt olvas\u00e1si id\u0151":"3 perc"},"schema":{"@context":"https:\/\/schema.org","@graph":[{"@type":"WebPage","@id":"https:\/\/teatimeconsulting.hu\/wp\/adatkezelesi-tajekoztato\/","url":"https:\/\/teatimeconsulting.hu\/wp\/adatkezelesi-tajekoztato\/","name":"Adatkezel\u00e9si t\u00e1j\u00e9koztat\u00f3 - Teatime Consulting","isPartOf":{"@id":"https:\/\/teatimeconsulting.hu\/wp\/#website"},"datePublished":"2026-01-09T17:22:24+00:00","dateModified":"2026-02-03T15:28:49+00:00","description":"Adatv\u00e9delem \u00e9s biztons\u00e1g a Teatime Consultingn\u00e1l. Ismerd meg, hogyan kezelj\u00fck adataidat \u00e9s hogyan biztos\u00edtjuk a GDPR-megfelel\u00e9st.","breadcrumb":{"@id":"https:\/\/teatimeconsulting.hu\/wp\/adatkezelesi-tajekoztato\/#breadcrumb"},"inLanguage":"hu","potentialAction":[{"@type":"ReadAction","target":["https:\/\/teatimeconsulting.hu\/wp\/adatkezelesi-tajekoztato\/"]}]},{"@type":"BreadcrumbList","@id":"https:\/\/teatimeconsulting.hu\/wp\/adatkezelesi-tajekoztato\/#breadcrumb","itemListElement":[{"@type":"ListItem","position":1,"name":"Kezd\u0151lap","item":"https:\/\/teatimeconsulting.hu\/wp\/"},{"@type":"ListItem","position":2,"name":"Adatkezel\u00e9si t\u00e1j\u00e9koztat\u00f3"}]},{"@type":"WebSite","@id":"https:\/\/teatimeconsulting.hu\/wp\/#website","url":"https:\/\/teatimeconsulting.hu\/wp\/","name":"Teatime Consulting","description":"Keres\u0151optimaliz\u00e1lt sz\u00f6vegek \u00e9s tartalommarketing a val\u00f3di \u00fczleti eredm\u00e9nyek\u00e9rt.","publisher":{"@id":"https:\/\/teatimeconsulting.hu\/wp\/#\/schema\/person\/72dac4a1d7c54309b11ad6b4140b6e02"},"potentialAction":[{"@type":"SearchAction","target":{"@type":"EntryPoint","urlTemplate":"https:\/\/teatimeconsulting.hu\/wp\/?s={search_term_string}"},"query-input":{"@type":"PropertyValueSpecification","valueRequired":true,"valueName":"search_term_string"}}],"inLanguage":"hu"},{"@type":["Person","Organization"],"@id":"https:\/\/teatimeconsulting.hu\/wp\/#\/schema\/person\/72dac4a1d7c54309b11ad6b4140b6e02","name":"Balogh-Papp Evelin","image":{"@type":"ImageObject","inLanguage":"hu","@id":"https:\/\/teatimeconsulting.hu\/wp\/#\/schema\/person\/image\/","url":"https:\/\/teatimeconsulting.hu\/wp\/wp-content\/uploads\/2026\/01\/P1150582-edited-scaled.jpg","contentUrl":"https:\/\/teatimeconsulting.hu\/wp\/wp-content\/uploads\/2026\/01\/P1150582-edited-scaled.jpg","width":2560,"height":1440,"caption":"Balogh-Papp Evelin"},"logo":{"@id":"https:\/\/teatimeconsulting.hu\/wp\/#\/schema\/person\/image\/"},"sameAs":["https:\/\/teatimeconsulting.hu"]}]}},"_links":{"self":[{"href":"https:\/\/teatimeconsulting.hu\/wp\/wp-json\/wp\/v2\/pages\/165","targetHints":{"allow":["GET"]}}],"collection":[{"href":"https:\/\/teatimeconsulting.hu\/wp\/wp-json\/wp\/v2\/pages"}],"about":[{"href":"https:\/\/teatimeconsulting.hu\/wp\/wp-json\/wp\/v2\/types\/page"}],"author":[{"embeddable":true,"href":"https:\/\/teatimeconsulting.hu\/wp\/wp-json\/wp\/v2\/users\/1"}],"replies":[{"embeddable":true,"href":"https:\/\/teatimeconsulting.hu\/wp\/wp-json\/wp\/v2\/comments?post=165"}],"version-history":[{"count":2,"href":"https:\/\/teatimeconsulting.hu\/wp\/wp-json\/wp\/v2\/pages\/165\/revisions"}],"predecessor-version":[{"id":185,"href":"https:\/\/teatimeconsulting.hu\/wp\/wp-json\/wp\/v2\/pages\/165\/revisions\/185"}],"wp:attachment":[{"href":"https:\/\/teatimeconsulting.hu\/wp\/wp-json\/wp\/v2\/media?parent=165"}],"curies":[{"name":"wp","href":"https:\/\/api.w.org\/{rel}","templated":true}]}}